{"id":223,"date":"2019-02-16T16:49:34","date_gmt":"2019-02-16T15:49:34","guid":{"rendered":"http:\/\/www.apartments-tamara.eu\/trogir\/?page_id=223"},"modified":"2025-06-16T16:58:38","modified_gmt":"2025-06-16T14:58:38","slug":"apartment-a2-2-1","status":"publish","type":"page","link":"https:\/\/www.apartments-tamara.eu\/trogir\/de\/apartment-a2-2-1\/","title":{"rendered":"Apartment A2 (2+0)"},"content":{"rendered":"<table>\n<tbody>\n<tr>\n<td width=\"501\"><\/td>\n<\/tr>\n<\/tbody>\n<\/table>\n<table style=\"height: 32px;\" width=\"268\">\n<tbody>\n<tr>\n<td>Kategorie:<\/td>\n<td><img decoding=\"async\" src=\"https:\/\/www.apartments-tamara.eu\/trogir\/wp-content\/uploads\/2019\/02\/3star.gif\" alt=\"\" width=\"\" \/><\/td>\n<\/tr>\n<\/tbody>\n<\/table>\n<div id=\"content\">\n<div id=\"post-112\" class=\"post page clearfix post-112 type-page status-publish hentry\">\n<table style=\"height: 121px;\" width=\"270\">\n<tbody>\n<tr>\n<td>Oberfl\u00e4che<\/td>\n<td>40 m<sup>2<\/sup><\/td>\n<\/tr>\n<tr>\n<td>Anzahl der Schlafzimmer<\/td>\n<td>1<\/td>\n<\/tr>\n<tr>\n<td>Anzahl der Betten<\/td>\n<td>2<\/td>\n<\/tr>\n<tr>\n<td>Anzahl der Zusatzbetten<\/td>\n<td>0<\/td>\n<\/tr>\n<\/tbody>\n<\/table>\n<\/div>\n<\/div>\n<h4><\/h4>\n<div id=\"content\">\n<div id=\"post-112\" class=\"post page clearfix post-112 type-page status-publish hentry\">\n\n\t\t<style type=\"text\/css\">\n\t\t\t#gallery-1 {\n\t\t\t\tmargin: auto;\n\t\t\t}\n\t\t\t#gallery-1 .gallery-item {\n\t\t\t\tfloat: left;\n\t\t\t\tmargin-top: 10px;\n\t\t\t\ttext-align: center;\n\t\t\t\twidth: 33%;\n\t\t\t}\n\t\t\t#gallery-1 img {\n\t\t\t\tborder: 2px solid #cfcfcf;\n\t\t\t}\n\t\t\t#gallery-1 .gallery-caption {\n\t\t\t\tmargin-left: 0;\n\t\t\t}\n\t\t\t\/* see gallery_shortcode() in wp-includes\/media.php *\/\n\t\t<\/style>\n\t\t<div id='gallery-1' class='gallery galleryid-223 gallery-columns-3 gallery-size-medium'><dl class='gallery-item'>\n\t\t\t<dt class='gallery-icon landscape'>\n\t\t\t\t<a href='https:\/\/www.apartments-tamara.eu\/trogir\/wp-content\/uploads\/2025\/06\/t2-1.jpg'><img loading=\"lazy\" decoding=\"async\" width=\"300\" height=\"225\" src=\"https:\/\/www.apartments-tamara.eu\/trogir\/wp-content\/uploads\/2025\/06\/t2-1-300x225.jpg\" class=\"attachment-medium size-medium\" alt=\"\" srcset=\"https:\/\/www.apartments-tamara.eu\/trogir\/wp-content\/uploads\/2025\/06\/t2-1-300x225.jpg 300w, https:\/\/www.apartments-tamara.eu\/trogir\/wp-content\/uploads\/2025\/06\/t2-1-1024x768.jpg 1024w, https:\/\/www.apartments-tamara.eu\/trogir\/wp-content\/uploads\/2025\/06\/t2-1-768x576.jpg 768w, https:\/\/www.apartments-tamara.eu\/trogir\/wp-content\/uploads\/2025\/06\/t2-1-1536x1152.jpg 1536w, https:\/\/www.apartments-tamara.eu\/trogir\/wp-content\/uploads\/2025\/06\/t2-1.jpg 1600w\" sizes=\"auto, (max-width: 300px) 100vw, 300px\" \/><\/a>\n\t\t\t<\/dt><\/dl><dl class='gallery-item'>\n\t\t\t<dt class='gallery-icon landscape'>\n\t\t\t\t<a href='https:\/\/www.apartments-tamara.eu\/trogir\/wp-content\/uploads\/2025\/06\/t3-1.jpg'><img loading=\"lazy\" decoding=\"async\" width=\"300\" height=\"225\" src=\"https:\/\/www.apartments-tamara.eu\/trogir\/wp-content\/uploads\/2025\/06\/t3-1-300x225.jpg\" class=\"attachment-medium size-medium\" alt=\"\" srcset=\"https:\/\/www.apartments-tamara.eu\/trogir\/wp-content\/uploads\/2025\/06\/t3-1-300x225.jpg 300w, https:\/\/www.apartments-tamara.eu\/trogir\/wp-content\/uploads\/2025\/06\/t3-1-1024x768.jpg 1024w, https:\/\/www.apartments-tamara.eu\/trogir\/wp-content\/uploads\/2025\/06\/t3-1-768x576.jpg 768w, https:\/\/www.apartments-tamara.eu\/trogir\/wp-content\/uploads\/2025\/06\/t3-1-1536x1152.jpg 1536w, https:\/\/www.apartments-tamara.eu\/trogir\/wp-content\/uploads\/2025\/06\/t3-1.jpg 1600w\" sizes=\"auto, (max-width: 300px) 100vw, 300px\" \/><\/a>\n\t\t\t<\/dt><\/dl><dl class='gallery-item'>\n\t\t\t<dt class='gallery-icon landscape'>\n\t\t\t\t<a href='https:\/\/www.apartments-tamara.eu\/trogir\/wp-content\/uploads\/2025\/06\/t4-1.jpg'><img loading=\"lazy\" decoding=\"async\" width=\"300\" height=\"225\" src=\"https:\/\/www.apartments-tamara.eu\/trogir\/wp-content\/uploads\/2025\/06\/t4-1-300x225.jpg\" class=\"attachment-medium size-medium\" alt=\"\" srcset=\"https:\/\/www.apartments-tamara.eu\/trogir\/wp-content\/uploads\/2025\/06\/t4-1-300x225.jpg 300w, https:\/\/www.apartments-tamara.eu\/trogir\/wp-content\/uploads\/2025\/06\/t4-1-1024x768.jpg 1024w, https:\/\/www.apartments-tamara.eu\/trogir\/wp-content\/uploads\/2025\/06\/t4-1-768x576.jpg 768w, https:\/\/www.apartments-tamara.eu\/trogir\/wp-content\/uploads\/2025\/06\/t4-1-1536x1152.jpg 1536w, https:\/\/www.apartments-tamara.eu\/trogir\/wp-content\/uploads\/2025\/06\/t4-1.jpg 1600w\" sizes=\"auto, (max-width: 300px) 100vw, 300px\" \/><\/a>\n\t\t\t<\/dt><\/dl><br style=\"clear: both\" \/><dl class='gallery-item'>\n\t\t\t<dt class='gallery-icon landscape'>\n\t\t\t\t<a href='https:\/\/www.apartments-tamara.eu\/trogir\/wp-content\/uploads\/2025\/06\/t5-1.jpg'><img loading=\"lazy\" decoding=\"async\" width=\"300\" height=\"225\" src=\"https:\/\/www.apartments-tamara.eu\/trogir\/wp-content\/uploads\/2025\/06\/t5-1-300x225.jpg\" class=\"attachment-medium size-medium\" alt=\"\" srcset=\"https:\/\/www.apartments-tamara.eu\/trogir\/wp-content\/uploads\/2025\/06\/t5-1-300x225.jpg 300w, https:\/\/www.apartments-tamara.eu\/trogir\/wp-content\/uploads\/2025\/06\/t5-1-1024x768.jpg 1024w, https:\/\/www.apartments-tamara.eu\/trogir\/wp-content\/uploads\/2025\/06\/t5-1-768x576.jpg 768w, https:\/\/www.apartments-tamara.eu\/trogir\/wp-content\/uploads\/2025\/06\/t5-1-1536x1152.jpg 1536w, https:\/\/www.apartments-tamara.eu\/trogir\/wp-content\/uploads\/2025\/06\/t5-1.jpg 1600w\" sizes=\"auto, (max-width: 300px) 100vw, 300px\" \/><\/a>\n\t\t\t<\/dt><\/dl><dl class='gallery-item'>\n\t\t\t<dt class='gallery-icon landscape'>\n\t\t\t\t<a href='https:\/\/www.apartments-tamara.eu\/trogir\/wp-content\/uploads\/2025\/06\/t6-1.jpg'><img loading=\"lazy\" decoding=\"async\" width=\"300\" height=\"225\" src=\"https:\/\/www.apartments-tamara.eu\/trogir\/wp-content\/uploads\/2025\/06\/t6-1-300x225.jpg\" class=\"attachment-medium size-medium\" alt=\"\" srcset=\"https:\/\/www.apartments-tamara.eu\/trogir\/wp-content\/uploads\/2025\/06\/t6-1-300x225.jpg 300w, https:\/\/www.apartments-tamara.eu\/trogir\/wp-content\/uploads\/2025\/06\/t6-1-1024x768.jpg 1024w, https:\/\/www.apartments-tamara.eu\/trogir\/wp-content\/uploads\/2025\/06\/t6-1-768x576.jpg 768w, https:\/\/www.apartments-tamara.eu\/trogir\/wp-content\/uploads\/2025\/06\/t6-1-1536x1152.jpg 1536w, https:\/\/www.apartments-tamara.eu\/trogir\/wp-content\/uploads\/2025\/06\/t6-1.jpg 1600w\" sizes=\"auto, (max-width: 300px) 100vw, 300px\" \/><\/a>\n\t\t\t<\/dt><\/dl><dl class='gallery-item'>\n\t\t\t<dt class='gallery-icon landscape'>\n\t\t\t\t<a href='https:\/\/www.apartments-tamara.eu\/trogir\/wp-content\/uploads\/2025\/06\/t8-1.jpg'><img loading=\"lazy\" decoding=\"async\" width=\"300\" height=\"225\" src=\"https:\/\/www.apartments-tamara.eu\/trogir\/wp-content\/uploads\/2025\/06\/t8-1-300x225.jpg\" class=\"attachment-medium size-medium\" alt=\"\" srcset=\"https:\/\/www.apartments-tamara.eu\/trogir\/wp-content\/uploads\/2025\/06\/t8-1-300x225.jpg 300w, https:\/\/www.apartments-tamara.eu\/trogir\/wp-content\/uploads\/2025\/06\/t8-1-1024x768.jpg 1024w, https:\/\/www.apartments-tamara.eu\/trogir\/wp-content\/uploads\/2025\/06\/t8-1-768x576.jpg 768w, https:\/\/www.apartments-tamara.eu\/trogir\/wp-content\/uploads\/2025\/06\/t8-1-1536x1152.jpg 1536w, https:\/\/www.apartments-tamara.eu\/trogir\/wp-content\/uploads\/2025\/06\/t8-1.jpg 1600w\" sizes=\"auto, (max-width: 300px) 100vw, 300px\" \/><\/a>\n\t\t\t<\/dt><\/dl><br style=\"clear: both\" \/><dl class='gallery-item'>\n\t\t\t<dt class='gallery-icon landscape'>\n\t\t\t\t<a href='https:\/\/www.apartments-tamara.eu\/trogir\/wp-content\/uploads\/2025\/06\/t7-1.jpg'><img loading=\"lazy\" decoding=\"async\" width=\"300\" height=\"225\" src=\"https:\/\/www.apartments-tamara.eu\/trogir\/wp-content\/uploads\/2025\/06\/t7-1-300x225.jpg\" class=\"attachment-medium size-medium\" alt=\"\" srcset=\"https:\/\/www.apartments-tamara.eu\/trogir\/wp-content\/uploads\/2025\/06\/t7-1-300x225.jpg 300w, https:\/\/www.apartments-tamara.eu\/trogir\/wp-content\/uploads\/2025\/06\/t7-1-1024x768.jpg 1024w, https:\/\/www.apartments-tamara.eu\/trogir\/wp-content\/uploads\/2025\/06\/t7-1-768x576.jpg 768w, https:\/\/www.apartments-tamara.eu\/trogir\/wp-content\/uploads\/2025\/06\/t7-1-1536x1152.jpg 1536w, https:\/\/www.apartments-tamara.eu\/trogir\/wp-content\/uploads\/2025\/06\/t7-1.jpg 1600w\" sizes=\"auto, (max-width: 300px) 100vw, 300px\" \/><\/a>\n\t\t\t<\/dt><\/dl><dl class='gallery-item'>\n\t\t\t<dt class='gallery-icon landscape'>\n\t\t\t\t<a href='https:\/\/www.apartments-tamara.eu\/trogir\/wp-content\/uploads\/2025\/06\/t9-1.jpg'><img loading=\"lazy\" decoding=\"async\" width=\"300\" height=\"225\" src=\"https:\/\/www.apartments-tamara.eu\/trogir\/wp-content\/uploads\/2025\/06\/t9-1-300x225.jpg\" class=\"attachment-medium size-medium\" alt=\"\" srcset=\"https:\/\/www.apartments-tamara.eu\/trogir\/wp-content\/uploads\/2025\/06\/t9-1-300x225.jpg 300w, https:\/\/www.apartments-tamara.eu\/trogir\/wp-content\/uploads\/2025\/06\/t9-1-1024x768.jpg 1024w, https:\/\/www.apartments-tamara.eu\/trogir\/wp-content\/uploads\/2025\/06\/t9-1-768x576.jpg 768w, https:\/\/www.apartments-tamara.eu\/trogir\/wp-content\/uploads\/2025\/06\/t9-1-1536x1152.jpg 1536w, https:\/\/www.apartments-tamara.eu\/trogir\/wp-content\/uploads\/2025\/06\/t9-1.jpg 1600w\" sizes=\"auto, (max-width: 300px) 100vw, 300px\" \/><\/a>\n\t\t\t<\/dt><\/dl><dl class='gallery-item'>\n\t\t\t<dt class='gallery-icon landscape'>\n\t\t\t\t<a href='https:\/\/www.apartments-tamara.eu\/trogir\/wp-content\/uploads\/2025\/06\/t12-1.jpg'><img loading=\"lazy\" decoding=\"async\" width=\"300\" height=\"225\" src=\"https:\/\/www.apartments-tamara.eu\/trogir\/wp-content\/uploads\/2025\/06\/t12-1-300x225.jpg\" class=\"attachment-medium size-medium\" alt=\"\" srcset=\"https:\/\/www.apartments-tamara.eu\/trogir\/wp-content\/uploads\/2025\/06\/t12-1-300x225.jpg 300w, https:\/\/www.apartments-tamara.eu\/trogir\/wp-content\/uploads\/2025\/06\/t12-1-768x577.jpg 768w, https:\/\/www.apartments-tamara.eu\/trogir\/wp-content\/uploads\/2025\/06\/t12-1.jpg 800w\" sizes=\"auto, (max-width: 300px) 100vw, 300px\" \/><\/a>\n\t\t\t<\/dt><\/dl><br style=\"clear: both\" \/>\n\t\t<\/div>\n\n<table>\n<tbody>\n<tr>\n<td width=\"501\">\n<h3><strong>Ausstattung<\/strong><\/h3>\n<\/td>\n<\/tr>\n<\/tbody>\n<\/table>\n<table class=\"table\" border=\"0\" cellspacing=\"0\" cellpadding=\"0\">\n<tbody>\n<tr>\n<td width=\"194\">Terrasse<\/td>\n<td width=\"53\"><img decoding=\"async\" src=\"https:\/\/www.apartments-tamara.eu\/trogir\/wp-content\/uploads\/2019\/02\/ja.gif\" alt=\"\" \/><\/td>\n<td width=\"194\">Balkon<\/td>\n<td width=\"53\"><img decoding=\"async\" src=\"https:\/\/www.apartments-tamara.eu\/trogir\/wp-content\/uploads\/2019\/02\/ja.gif\" alt=\"\" \/><\/td>\n<\/tr>\n<tr>\n<td width=\"204\">Klimaanlage<\/td>\n<td width=\"53\"><img decoding=\"async\" src=\"https:\/\/www.apartments-tamara.eu\/trogir\/wp-content\/uploads\/2019\/02\/ja.gif\" alt=\"\" \/><\/td>\n<td width=\"204\">TV-SAT<\/td>\n<td width=\"53\"><img decoding=\"async\" src=\"https:\/\/www.apartments-tamara.eu\/trogir\/wp-content\/uploads\/2019\/02\/ja.gif\" alt=\"\" \/><\/td>\n<\/tr>\n<tr>\n<td width=\"204\">K\u00fchlschrank<\/td>\n<td width=\"53\"><img decoding=\"async\" src=\"https:\/\/www.apartments-tamara.eu\/trogir\/wp-content\/uploads\/2019\/02\/ja.gif\" alt=\"\" \/><\/td>\n<td width=\"194\">Waschmaschine<\/td>\n<td width=\"53\"><img decoding=\"async\" src=\"https:\/\/www.apartments-tamara.eu\/trogir\/wp-content\/uploads\/2019\/02\/ja.gif\" alt=\"\" \/><\/td>\n<\/tr>\n<tr>\n<td width=\"204\">Mikrowelle<\/td>\n<td width=\"53\"><img decoding=\"async\" src=\"https:\/\/www.apartments-tamara.eu\/trogir\/wp-content\/uploads\/2019\/02\/ja.gif\" alt=\"\" \/><\/td>\n<td width=\"194\">Wasserkocher<\/td>\n<td width=\"53\"><img decoding=\"async\" src=\"https:\/\/www.apartments-tamara.eu\/trogir\/wp-content\/uploads\/2019\/02\/ja.gif\" alt=\"\" \/><\/td>\n<\/tr>\n<tr>\n<td width=\"204\">Mikrowelle<\/td>\n<td width=\"53\"><img decoding=\"async\" src=\"https:\/\/www.apartments-tamara.eu\/trogir\/wp-content\/uploads\/2019\/02\/ja.gif\" alt=\"\" \/><\/td>\n<td width=\"194\">Gefrierschrank<\/td>\n<td width=\"53\"><img decoding=\"async\" src=\"https:\/\/www.apartments-tamara.eu\/trogir\/wp-content\/uploads\/2019\/02\/ja.gif\" alt=\"\" \/><\/td>\n<\/tr>\n<tr>\n<td width=\"204\">Grill<\/td>\n<td width=\"53\"><img decoding=\"async\" src=\"https:\/\/www.apartments-tamara.eu\/trogir\/wp-content\/uploads\/2019\/02\/ne.gif\" alt=\"\" \/><\/td>\n<td width=\"194\">Sp\u00fclmaschine<\/td>\n<td width=\"53\"><img decoding=\"async\" src=\"https:\/\/www.apartments-tamara.eu\/trogir\/wp-content\/uploads\/2019\/02\/ja.gif\" alt=\"\" \/><\/td>\n<\/tr>\n<\/tbody>\n<\/table>\n<h4><\/h4>\n<table>\n<tbody>\n<tr>\n<td width=\"501\">\n<h3><strong>Ausstattung im Objekt<\/strong><\/h3>\n<\/td>\n<\/tr>\n<\/tbody>\n<\/table>\n<table class=\"table\" border=\"0\" cellspacing=\"0\" cellpadding=\"0\">\n<tbody>\n<tr>\n<td width=\"204\">Parkplatz<\/td>\n<td width=\"53\"><img decoding=\"async\" src=\"https:\/\/www.apartments-tamara.eu\/trogir\/wp-content\/uploads\/2019\/02\/ja.gif\" alt=\"\" \/><\/td>\n<td width=\"194\">Garage<\/td>\n<td width=\"53\"><img decoding=\"async\" src=\"https:\/\/www.apartments-tamara.eu\/trogir\/wp-content\/uploads\/2019\/02\/ne.gif\" alt=\"\" \/><\/td>\n<\/tr>\n<tr>\n<td width=\"204\">Klimaanlage<\/td>\n<td width=\"53\"><img decoding=\"async\" src=\"https:\/\/www.apartments-tamara.eu\/trogir\/wp-content\/uploads\/2019\/02\/ja.gif\" alt=\"\" \/><\/td>\n<td width=\"194\"><span class=\"tlid-translation translation\"><span class=\"\" title=\"\">Haustiere erlaubt<\/span><\/span><\/td>\n<td width=\"53\"><img decoding=\"async\" src=\"https:\/\/www.apartments-tamara.eu\/trogir\/wp-content\/uploads\/2019\/02\/ne.gif\" alt=\"\" \/><\/td>\n<\/tr>\n<tr>\n<td width=\"204\">Internet-Zugang<\/td>\n<td width=\"53\"><img decoding=\"async\" src=\"https:\/\/www.apartments-tamara.eu\/trogir\/wp-content\/uploads\/2019\/02\/ja.gif\" alt=\"\" \/><\/td>\n<td width=\"194\">Grill<\/td>\n<td width=\"53\"><img decoding=\"async\" src=\"https:\/\/www.apartments-tamara.eu\/trogir\/wp-content\/uploads\/2019\/02\/ne.gif\" alt=\"\" \/><\/td>\n<\/tr>\n<tr>\n<td width=\"204\">Handt\u00fccher<\/td>\n<td width=\"53\"><img decoding=\"async\" src=\"https:\/\/www.apartments-tamara.eu\/trogir\/wp-content\/uploads\/2019\/02\/ja.gif\" alt=\"\" \/><\/td>\n<td width=\"194\">Bettw\u00e4sche<\/td>\n<td width=\"53\"><img decoding=\"async\" src=\"https:\/\/www.apartments-tamara.eu\/trogir\/wp-content\/uploads\/2019\/02\/ja.gif\" alt=\"\" \/><\/td>\n<\/tr>\n<tr>\n<td width=\"204\">Hof Benutzung<\/td>\n<td width=\"53\"><img decoding=\"async\" src=\"http:\/\/www.smjestaj.com.hr\/img\/checked-green.gif\" alt=\"\" \/><\/td>\n<td width=\"194\">Halbpension m\u00f6glich<\/td>\n<td width=\"53\"><img decoding=\"async\" src=\"https:\/\/www.apartments-tamara.eu\/trogir\/wp-content\/uploads\/2019\/02\/ne.gif\" alt=\"\" \/><\/td>\n<\/tr>\n<tr>\n<td width=\"204\"><span class=\"tlid-translation translation\"><span class=\"\" title=\"\">Schwimmbad<\/span><\/span><\/td>\n<td width=\"53\"><img decoding=\"async\" src=\"https:\/\/www.apartments-tamara.eu\/trogir\/wp-content\/uploads\/2019\/02\/ne.gif\" alt=\"\" \/><\/td>\n<td width=\"194\">Tennisplatz<\/td>\n<td width=\"53\"><img decoding=\"async\" src=\"https:\/\/www.apartments-tamara.eu\/trogir\/wp-content\/uploads\/2019\/02\/ne.gif\" alt=\"\" \/><\/td>\n<\/tr>\n<tr>\n<td width=\"204\">Betonstrand<\/td>\n<td width=\"53\"><img decoding=\"async\" src=\"https:\/\/www.apartments-tamara.eu\/trogir\/wp-content\/uploads\/2019\/02\/ja.gif\" alt=\"\" \/><\/td>\n<td width=\"194\">Sandstrand<\/td>\n<td width=\"53\"><img decoding=\"async\" src=\"https:\/\/www.apartments-tamara.eu\/trogir\/wp-content\/uploads\/2019\/02\/ja.gif\" alt=\"\" \/><\/td>\n<\/tr>\n<tr>\n<td width=\"204\">Kieselstrand<\/td>\n<td width=\"53\"><img decoding=\"async\" src=\"https:\/\/www.apartments-tamara.eu\/trogir\/wp-content\/uploads\/2019\/02\/ja.gif\" alt=\"\" \/><\/td>\n<td width=\"194\">Kurtaxe im Preis<\/td>\n<td width=\"53\"><img decoding=\"async\" src=\"https:\/\/www.apartments-tamara.eu\/trogir\/wp-content\/uploads\/2019\/02\/ja.gif\" alt=\"\" \/><\/td>\n<\/tr>\n<\/tbody>\n<\/table>\n<\/div>\n<h4><\/h4>\n<div id=\"post-112\" class=\"post page clearfix post-112 type-page status-publish hentry\">\n<div class=\"fll\">\n<table style=\"height: 178px;\" width=\"500\">\n<thead>\n<tr>\n<th colspan=\"2\">\n<h3 style=\"text-align: left;\"><strong>Preis\/Nacht<\/strong><\/h3>\n<\/th>\n<\/tr>\n<\/thead>\n<tbody>\n<tr>\n<td class=\"td_ident\">27.04. &#8211; 31.05.<\/td>\n<td class=\"ptx_tb ptx_right\">70.00 EUR<\/td>\n<\/tr>\n<tr>\n<td class=\"td_ident\">01.06. &#8211; 30.06.<\/td>\n<td class=\"ptx_tb ptx_right\">75.00 EUR<\/td>\n<\/tr>\n<tr>\n<td class=\"td_ident\">01.07. &#8211; 31.08.<\/td>\n<td class=\"ptx_tb ptx_right\">85.00 EUR<\/td>\n<\/tr>\n<tr>\n<td class=\"td_ident\">01.09. &#8211; 30.09.<\/td>\n<td class=\"ptx_tb ptx_right\">75.00 EUR<\/td>\n<\/tr>\n<\/tbody>\n<\/table>\n<h4><\/h4>\n<table>\n<tbody>\n<tr>\n<td width=\"501\">\n<h3><strong>Entfernungen<\/strong><\/h3>\n<\/td>\n<\/tr>\n<\/tbody>\n<\/table>\n<table style=\"height: 287px;\" width=\"248\" cellspacing=\"0\" cellpadding=\"0\">\n<tbody>\n<tr>\n<td width=\"150\">Strand:<\/td>\n<td width=\"59\">150 m<\/td>\n<\/tr>\n<tr>\n<td width=\"150\">Meer:<\/td>\n<td>150 m<\/td>\n<\/tr>\n<tr>\n<td width=\"150\">Stadtzentrum:<\/td>\n<td>500 m<\/td>\n<\/tr>\n<tr>\n<td width=\"150\">Gesch\u00e4ft:<\/td>\n<td>150 m<\/td>\n<\/tr>\n<tr>\n<td width=\"150\">Restaurant:<\/td>\n<td>150 m<\/td>\n<\/tr>\n<tr>\n<td width=\"150\">Sport:<\/td>\n<td>500 m<\/td>\n<\/tr>\n<tr>\n<td width=\"150\">Arzt:<\/td>\n<td>500 m<\/td>\n<\/tr>\n<tr>\n<td width=\"150\">Apotheke:<\/td>\n<td>500 m<\/td>\n<\/tr>\n<tr>\n<td width=\"150\">Tankstelle:<\/td>\n<td>3000 m<\/td>\n<\/tr>\n<tr>\n<td width=\"150\">Bankomat:<\/td>\n<td>150 m<\/td>\n<\/tr>\n<tr>\n<td width=\"150\">Post:<\/td>\n<td>500 m<\/td>\n<\/tr>\n<tr>\n<td width=\"150\">Bushaltestelle:<\/td>\n<td>150 m<\/td>\n<\/tr>\n<\/tbody>\n<\/table>\n<table>\n<tbody>\n<tr>\n<td width=\"501\">\n<h3 style=\"text-align: left;\"><strong>Buchungskalender<\/strong><\/h3>\n<\/td>\n<\/tr>\n<\/tbody>\n<\/table>\n<p><iframe loading=\"lazy\" style=\"border-width: 0;\" src=\"https:\/\/calendar.google.com\/calendar\/embed?height=600&amp;wkst=1&amp;ctz=Europe%2FVienna&amp;showPrint=0&amp;hl=en&amp;showTitle=0&amp;showTabs=0&amp;showCalendars=0&amp;showTz=0&amp;src=NGN1dXFxcXBncDdmc3M2aWMyN3Foa3QyOXA5dDQzbXRAaW1wb3J0LmNhbGVuZGFyLmdvb2dsZS5jb20&amp;color=%23AD1457\" width=\"800\" height=\"600\" frameborder=\"0\" scrolling=\"no\"><\/iframe><\/p>\n<\/div>\n<\/div>\n<\/div>\n","protected":false},"excerpt":{"rendered":"<p>Kategorie: Oberfl\u00e4che 40 m2 Anzahl der Schlafzimmer 1 Anzahl der Betten 2 Anzahl der Zusatzbetten 0 Ausstattung Terrasse Balkon Klimaanlage TV-SAT K\u00fchlschrank Waschmaschine Mikrowelle Wasserkocher Mikrowelle Gefrierschrank Grill Sp\u00fclmaschine Ausstattung im Objekt Parkplatz Garage Klimaanlage Haustiere erlaubt Internet-Zugang Grill Handt\u00fccher Bettw\u00e4sche Hof Benutzung Halbpension m\u00f6glich Schwimmbad Tennisplatz Betonstrand Sandstrand Kieselstrand Kurtaxe im Preis Preis\/Nacht 27.04.<br \/><a class=\"moretag\" href=\"https:\/\/www.apartments-tamara.eu\/trogir\/de\/apartment-a2-2-1\/\">+ Read More<\/a><\/p>\n","protected":false},"author":1,"featured_media":0,"parent":0,"menu_order":0,"comment_status":"closed","ping_status":"closed","template":"","meta":{"footnotes":""},"class_list":["post-223","page","type-page","status-publish","hentry"],"_links":{"self":[{"href":"https:\/\/www.apartments-tamara.eu\/trogir\/wp-json\/wp\/v2\/pages\/223","targetHints":{"allow":["GET"]}}],"collection":[{"href":"https:\/\/www.apartments-tamara.eu\/trogir\/wp-json\/wp\/v2\/pages"}],"about":[{"href":"https:\/\/www.apartments-tamara.eu\/trogir\/wp-json\/wp\/v2\/types\/page"}],"author":[{"embeddable":true,"href":"https:\/\/www.apartments-tamara.eu\/trogir\/wp-json\/wp\/v2\/users\/1"}],"replies":[{"embeddable":true,"href":"https:\/\/www.apartments-tamara.eu\/trogir\/wp-json\/wp\/v2\/comments?post=223"}],"version-history":[{"count":45,"href":"https:\/\/www.apartments-tamara.eu\/trogir\/wp-json\/wp\/v2\/pages\/223\/revisions"}],"predecessor-version":[{"id":1123,"href":"https:\/\/www.apartments-tamara.eu\/trogir\/wp-json\/wp\/v2\/pages\/223\/revisions\/1123"}],"wp:attachment":[{"href":"https:\/\/www.apartments-tamara.eu\/trogir\/wp-json\/wp\/v2\/media?parent=223"}],"curies":[{"name":"wp","href":"https:\/\/api.w.org\/{rel}","templated":true}]}}