{"id":41,"date":"2018-10-01T17:35:59","date_gmt":"2018-10-01T17:35:59","guid":{"rendered":"http:\/\/www.apartments-tamara.eu\/trogir\/?page_id=41"},"modified":"2023-08-31T10:16:36","modified_gmt":"2023-08-31T08:16:36","slug":"dobrodosli","status":"publish","type":"page","link":"https:\/\/www.apartments-tamara.eu\/trogir\/","title":{"rendered":"Dobrodo\u0161li"},"content":{"rendered":"<div id=\"content\">\n<div id=\"post-5\" class=\"post page clearfix post-5 type-page status-publish hentry\">\n<div class=\"entry clearfix\">\n<p>Apartmani Tamara nalaze se u Okrugu Gornjem na zapadnom djelu otoka \u010ciova. Apartmani su udaljeni 150 m od mora te se nalaze u neposrednoj blizini centra Okruga Gornjeg.<\/p>\n<p>Okrug Gornji je malo turisti\u010dko naselje na otoku \u010ciovu, koje je povezano sa Trogirom pokretnim mostom. Ovdje su skrivene brojne uvalice i pje\u0161\u010dane pla\u017ee koje su kao stvorene za odmor obitelji sa djecom. Jedna od najpopularnijih pla\u017ea na cijeloj trogirskoj rivijeri je 2 kilometra duga \u0161ljun\u010dana pla\u017ea prozvana Copacabana.<\/p>\n<p>Na njoj se nalaze brojni atraktivni barovi koji tijekom vru\u0107ih dana privla\u010de mnoge mlade kupa\u010de na osvje\u017eavaju\u0107e pi\u0107e. Nude se i razne aktivnosti u Sportskom centru Max koji raspola\u017ee sa bogatom ponudom sportskih rekvizita za sport na vodi i na kopnu. Ovdje se zabavlja i kad za\u0111e sunce budu\u0107i da ima velik broj restorana i barova koji su omiljena okupljali\u0161ta mladih.<\/p>\n<p>Okrug Gornji je najve\u0107e mjesto na otoku \u010ciovu. Sastoji se od nekoliko mjesta: Saldun (najbli\u017ei Trogiru), uvala Mavar\u010dica, Businci, Mili\u0107evo, Pivetova glavica\u2026 i stari dio mjesta. Okrug se nalazi na zapadnom dijelu otoka \u010ciova. \u010cine ga Okrug Gornji i Okrug Donji dva tradicionalna dalmatinska mjesta. Svojim je zemljopisnim polo\u017eajem sredi\u0161te dalmatinske mikroregije. Ima blagu mediteransku klimu, bujnu subtropsku i mediteransku vegetaciju, arhipelag slikovitih oto\u010di\u0107a, bezbroj malih skrovitih uvala i pla\u017ea. Okrug je time i sa svojih 2670 sun\u010danih sati godi\u0161nje jedno \u00a0od najprivla\u010dnijih turisti\u010dkih odredi\u0161ta u Hrvatskoj.<\/p>\n<p>U Okrugu Gornjem i Okrugu Donjem mno\u0161tvo je restorana, konoba i drugih ugostiteljskih objekata s bogatim izborom izvornih dalmatinskih specijaliteta. Svim svojim gostima uz obilje sunca i bistrog mora nudi raznolike rekreativne sadr\u017eaje.<\/p>\n<p>\u0160kola ronjenja pru\u017ea mogu\u0107nost u\u017eitka u Ijepotama jadranskoga podmorja; fitnes centar s teniskim terenima osloba\u0111a od svih stresova suvremenog \u017eivota. Organiziraju se svakodnevni izleti malim brodicama u obli\u017enje tihe uvale; iznajmlju se skuteri i provode letovi padobranima na mjesnoj pla\u017ei.<\/p>\n<p>Blizina grada Trogira (2 km)\u00a0 koji je pod za\u0161titom UNESCO-a \u00a0pru\u017ea mogu\u0107nost u\u017eivanja u 2800 godina staroj gradskoj jezgri no\u0107nih provoda. S otoka \u010ciova mogu\u0107i su izleti na slapove Krke (60 km), u Split (33 km), u Me\u0111ugorje (100km).<\/p>\n<p>Zna\u010dajno je da je Zra\u010dna luka Split od mjesta udaljena svega 8 km. Srednja temperatura zraka od 16\u00b0 C i 281 dan u godini s prosje\u010dnom temperaturom iznad 10\u00b0 C preduvjeti su za ugodan boravak tijekom cijele godine.<\/p>\n<p>DOBRO DO\u0160LI !<\/p>\n<iframe loading=\"lazy\"  id=\"_ytid_48193\"  width=\"480\" height=\"270\"  data-origwidth=\"480\" data-origheight=\"270\" src=\"https:\/\/www.youtube.com\/embed\/0-DFqOmWghQ?enablejsapi=1&autoplay=0&cc_load_policy=0&cc_lang_pref=&iv_load_policy=1&loop=0&rel=1&fs=1&playsinline=0&autohide=2&theme=dark&color=red&controls=1&disablekb=0&\" class=\"__youtube_prefs__  no-lazyload\" title=\"YouTube player\"  allow=\"fullscreen; accelerometer; autoplay; clipboard-write; encrypted-media; gyroscope; picture-in-picture; web-share\" referrerpolicy=\"strict-origin-when-cross-origin\" allowfullscreen data-no-lazy=\"1\" data-skipgform_ajax_framebjll=\"\"><\/iframe>\n<\/div>\n<\/div>\n<div id=\"post-5\" class=\"post page clearfix post-5 type-page status-publish hentry\">\n\n\t\t<style type=\"text\/css\">\n\t\t\t#gallery-1 {\n\t\t\t\tmargin: auto;\n\t\t\t}\n\t\t\t#gallery-1 .gallery-item {\n\t\t\t\tfloat: left;\n\t\t\t\tmargin-top: 10px;\n\t\t\t\ttext-align: center;\n\t\t\t\twidth: 33%;\n\t\t\t}\n\t\t\t#gallery-1 img {\n\t\t\t\tborder: 2px solid #cfcfcf;\n\t\t\t}\n\t\t\t#gallery-1 .gallery-caption {\n\t\t\t\tmargin-left: 0;\n\t\t\t}\n\t\t\t\/* see gallery_shortcode() in wp-includes\/media.php *\/\n\t\t<\/style>\n\t\t<div id='gallery-1' class='gallery galleryid-41 gallery-columns-3 gallery-size-medium'><dl class='gallery-item'>\n\t\t\t<dt class='gallery-icon landscape'>\n\t\t\t\t<a href='https:\/\/www.apartments-tamara.eu\/trogir\/wp-content\/uploads\/2019\/02\/okrug-plaza1.jpg'><img loading=\"lazy\" decoding=\"async\" width=\"300\" height=\"200\" src=\"https:\/\/www.apartments-tamara.eu\/trogir\/wp-content\/uploads\/2019\/02\/okrug-plaza1-300x200.jpg\" class=\"attachment-medium size-medium\" alt=\"\" srcset=\"https:\/\/www.apartments-tamara.eu\/trogir\/wp-content\/uploads\/2019\/02\/okrug-plaza1-300x200.jpg 300w, https:\/\/www.apartments-tamara.eu\/trogir\/wp-content\/uploads\/2019\/02\/okrug-plaza1-768x512.jpg 768w, https:\/\/www.apartments-tamara.eu\/trogir\/wp-content\/uploads\/2019\/02\/okrug-plaza1-1024x683.jpg 1024w\" sizes=\"auto, (max-width: 300px) 100vw, 300px\" \/><\/a>\n\t\t\t<\/dt><\/dl><dl class='gallery-item'>\n\t\t\t<dt class='gallery-icon landscape'>\n\t\t\t\t<a href='https:\/\/www.apartments-tamara.eu\/trogir\/wp-content\/uploads\/2019\/02\/okrug-plaza2.jpg'><img loading=\"lazy\" decoding=\"async\" width=\"300\" height=\"200\" src=\"https:\/\/www.apartments-tamara.eu\/trogir\/wp-content\/uploads\/2019\/02\/okrug-plaza2-300x200.jpg\" class=\"attachment-medium size-medium\" alt=\"\" srcset=\"https:\/\/www.apartments-tamara.eu\/trogir\/wp-content\/uploads\/2019\/02\/okrug-plaza2-300x200.jpg 300w, https:\/\/www.apartments-tamara.eu\/trogir\/wp-content\/uploads\/2019\/02\/okrug-plaza2-768x512.jpg 768w, https:\/\/www.apartments-tamara.eu\/trogir\/wp-content\/uploads\/2019\/02\/okrug-plaza2-1024x683.jpg 1024w\" sizes=\"auto, (max-width: 300px) 100vw, 300px\" \/><\/a>\n\t\t\t<\/dt><\/dl><dl class='gallery-item'>\n\t\t\t<dt class='gallery-icon landscape'>\n\t\t\t\t<a href='https:\/\/www.apartments-tamara.eu\/trogir\/wp-content\/uploads\/2021\/11\/Panorama-2021-3.jpg'><img loading=\"lazy\" decoding=\"async\" width=\"300\" height=\"200\" src=\"https:\/\/www.apartments-tamara.eu\/trogir\/wp-content\/uploads\/2021\/11\/Panorama-2021-3-300x200.jpg\" class=\"attachment-medium size-medium\" alt=\"\" srcset=\"https:\/\/www.apartments-tamara.eu\/trogir\/wp-content\/uploads\/2021\/11\/Panorama-2021-3-300x200.jpg 300w, https:\/\/www.apartments-tamara.eu\/trogir\/wp-content\/uploads\/2021\/11\/Panorama-2021-3-1024x683.jpg 1024w, https:\/\/www.apartments-tamara.eu\/trogir\/wp-content\/uploads\/2021\/11\/Panorama-2021-3-768x512.jpg 768w, https:\/\/www.apartments-tamara.eu\/trogir\/wp-content\/uploads\/2021\/11\/Panorama-2021-3-1536x1025.jpg 1536w, https:\/\/www.apartments-tamara.eu\/trogir\/wp-content\/uploads\/2021\/11\/Panorama-2021-3-2048x1367.jpg 2048w\" sizes=\"auto, (max-width: 300px) 100vw, 300px\" \/><\/a>\n\t\t\t<\/dt><\/dl><br style=\"clear: both\" \/><dl class='gallery-item'>\n\t\t\t<dt class='gallery-icon landscape'>\n\t\t\t\t<a href='https:\/\/www.apartments-tamara.eu\/trogir\/wp-content\/uploads\/2023\/08\/IMG_20230723_180439.jpg'><img loading=\"lazy\" decoding=\"async\" width=\"300\" height=\"200\" src=\"https:\/\/www.apartments-tamara.eu\/trogir\/wp-content\/uploads\/2023\/08\/IMG_20230723_180439-300x200.jpg\" class=\"attachment-medium size-medium\" alt=\"\" srcset=\"https:\/\/www.apartments-tamara.eu\/trogir\/wp-content\/uploads\/2023\/08\/IMG_20230723_180439-300x200.jpg 300w, https:\/\/www.apartments-tamara.eu\/trogir\/wp-content\/uploads\/2023\/08\/IMG_20230723_180439-1024x683.jpg 1024w, https:\/\/www.apartments-tamara.eu\/trogir\/wp-content\/uploads\/2023\/08\/IMG_20230723_180439-768x512.jpg 768w, https:\/\/www.apartments-tamara.eu\/trogir\/wp-content\/uploads\/2023\/08\/IMG_20230723_180439.jpg 1200w\" sizes=\"auto, (max-width: 300px) 100vw, 300px\" \/><\/a>\n\t\t\t<\/dt><\/dl><dl class='gallery-item'>\n\t\t\t<dt class='gallery-icon landscape'>\n\t\t\t\t<a href='https:\/\/www.apartments-tamara.eu\/trogir\/wp-content\/uploads\/2023\/08\/IMG_20230723_180040.jpg'><img loading=\"lazy\" decoding=\"async\" width=\"300\" height=\"200\" src=\"https:\/\/www.apartments-tamara.eu\/trogir\/wp-content\/uploads\/2023\/08\/IMG_20230723_180040-300x200.jpg\" class=\"attachment-medium size-medium\" alt=\"\" srcset=\"https:\/\/www.apartments-tamara.eu\/trogir\/wp-content\/uploads\/2023\/08\/IMG_20230723_180040-300x200.jpg 300w, https:\/\/www.apartments-tamara.eu\/trogir\/wp-content\/uploads\/2023\/08\/IMG_20230723_180040-1024x683.jpg 1024w, https:\/\/www.apartments-tamara.eu\/trogir\/wp-content\/uploads\/2023\/08\/IMG_20230723_180040-768x512.jpg 768w, https:\/\/www.apartments-tamara.eu\/trogir\/wp-content\/uploads\/2023\/08\/IMG_20230723_180040.jpg 1200w\" sizes=\"auto, (max-width: 300px) 100vw, 300px\" \/><\/a>\n\t\t\t<\/dt><\/dl><dl class='gallery-item'>\n\t\t\t<dt class='gallery-icon landscape'>\n\t\t\t\t<a href='https:\/\/www.apartments-tamara.eu\/trogir\/wp-content\/uploads\/2023\/08\/IMG_20230723_180310.jpg'><img loading=\"lazy\" decoding=\"async\" width=\"300\" height=\"200\" src=\"https:\/\/www.apartments-tamara.eu\/trogir\/wp-content\/uploads\/2023\/08\/IMG_20230723_180310-300x200.jpg\" class=\"attachment-medium size-medium\" alt=\"\" srcset=\"https:\/\/www.apartments-tamara.eu\/trogir\/wp-content\/uploads\/2023\/08\/IMG_20230723_180310-300x200.jpg 300w, https:\/\/www.apartments-tamara.eu\/trogir\/wp-content\/uploads\/2023\/08\/IMG_20230723_180310-1024x683.jpg 1024w, https:\/\/www.apartments-tamara.eu\/trogir\/wp-content\/uploads\/2023\/08\/IMG_20230723_180310-768x512.jpg 768w, https:\/\/www.apartments-tamara.eu\/trogir\/wp-content\/uploads\/2023\/08\/IMG_20230723_180310.jpg 1200w\" sizes=\"auto, (max-width: 300px) 100vw, 300px\" \/><\/a>\n\t\t\t<\/dt><\/dl><br style=\"clear: both\" \/>\n\t\t<\/div>\n\n<\/div>\n<\/div>\n","protected":false},"excerpt":{"rendered":"<p>Apartmani Tamara nalaze se u Okrugu Gornjem na zapadnom djelu otoka \u010ciova. Apartmani su udaljeni 150 m od mora te se nalaze u neposrednoj blizini centra Okruga Gornjeg. Okrug Gornji je malo turisti\u010dko naselje na otoku \u010ciovu, koje je povezano sa Trogirom pokretnim mostom. Ovdje su skrivene brojne uvalice i pje\u0161\u010dane pla\u017ee koje su kao<br \/><a class=\"moretag\" href=\"https:\/\/www.apartments-tamara.eu\/trogir\/\">+ Read More<\/a><\/p>\n","protected":false},"author":1,"featured_media":0,"parent":0,"menu_order":0,"comment_status":"closed","ping_status":"closed","template":"","meta":{"footnotes":""},"class_list":["post-41","page","type-page","status-publish","hentry"],"_links":{"self":[{"href":"https:\/\/www.apartments-tamara.eu\/trogir\/wp-json\/wp\/v2\/pages\/41","targetHints":{"allow":["GET"]}}],"collection":[{"href":"https:\/\/www.apartments-tamara.eu\/trogir\/wp-json\/wp\/v2\/pages"}],"about":[{"href":"https:\/\/www.apartments-tamara.eu\/trogir\/wp-json\/wp\/v2\/types\/page"}],"author":[{"embeddable":true,"href":"https:\/\/www.apartments-tamara.eu\/trogir\/wp-json\/wp\/v2\/users\/1"}],"replies":[{"embeddable":true,"href":"https:\/\/www.apartments-tamara.eu\/trogir\/wp-json\/wp\/v2\/comments?post=41"}],"version-history":[{"count":12,"href":"https:\/\/www.apartments-tamara.eu\/trogir\/wp-json\/wp\/v2\/pages\/41\/revisions"}],"predecessor-version":[{"id":996,"href":"https:\/\/www.apartments-tamara.eu\/trogir\/wp-json\/wp\/v2\/pages\/41\/revisions\/996"}],"wp:attachment":[{"href":"https:\/\/www.apartments-tamara.eu\/trogir\/wp-json\/wp\/v2\/media?parent=41"}],"curies":[{"name":"wp","href":"https:\/\/api.w.org\/{rel}","templated":true}]}}